{"id":13,"date":"2023-11-13T10:25:06","date_gmt":"2023-11-13T10:25:06","guid":{"rendered":"https:\/\/08serveis.cat\/?page_id=13"},"modified":"2023-12-08T07:13:07","modified_gmt":"2023-12-08T07:13:07","slug":"sobre-nosotros","status":"publish","type":"page","link":"https:\/\/08serveis.cat\/ca\/sobre-nosotros\/","title":{"rendered":"Sobre Nosaltres"},"content":{"rendered":"<p>Som Eva i Fernando i des de mar\u00e7 de 2022 tenim aquesta botiga\/distribu\u00efdora de material per a la restauraci\u00f3, per a l'oficina, des de safates, estovalles, tovallons, fins a tot tipus de paper, alumini i pl\u00e0stic.<\/p>\n\n\n\n<p>Som al carrer Sant Josep Oriol, 3 (08640) a Olesa de Montserrat, al Baix Llobregat Nord, Barcelona.<\/p>\n\n\n\n<p>El tel\u00e8fon de contacte \u00e9s el 682 106 707 i el mail \u00e9s: 08640serveis@gmail.com<\/p>","protected":false},"excerpt":{"rendered":"<p>Somos Eva y Fernando y desde marzo de 2022 tenemos esta tienda\/distribuidora de material para la restauraci\u00f3n, para la oficina, desde bandejas, manteles, servilletas, hasta todo tipo de papel, aluminio y pl\u00e1stico. Estamos en el carrer Sant Josep Oriol, 3 (08640) en Olesa de Montserrat, Baix Llobregat Nord, Barcelona. El tel\u00e9fono de contacto es el [&hellip;]<\/p>","protected":false},"author":1,"featured_media":0,"parent":0,"menu_order":0,"comment_status":"closed","ping_status":"closed","template":"","meta":{"_joinchat":[],"footnotes":""},"class_list":["post-13","page","type-page","status-publish","hentry"],"_links":{"self":[{"href":"https:\/\/08serveis.cat\/ca\/wp-json\/wp\/v2\/pages\/13","targetHints":{"allow":["GET"]}}],"collection":[{"href":"https:\/\/08serveis.cat\/ca\/wp-json\/wp\/v2\/pages"}],"about":[{"href":"https:\/\/08serveis.cat\/ca\/wp-json\/wp\/v2\/types\/page"}],"author":[{"embeddable":true,"href":"https:\/\/08serveis.cat\/ca\/wp-json\/wp\/v2\/users\/1"}],"replies":[{"embeddable":true,"href":"https:\/\/08serveis.cat\/ca\/wp-json\/wp\/v2\/comments?post=13"}],"version-history":[{"count":4,"href":"https:\/\/08serveis.cat\/ca\/wp-json\/wp\/v2\/pages\/13\/revisions"}],"predecessor-version":[{"id":525,"href":"https:\/\/08serveis.cat\/ca\/wp-json\/wp\/v2\/pages\/13\/revisions\/525"}],"wp:attachment":[{"href":"https:\/\/08serveis.cat\/ca\/wp-json\/wp\/v2\/media?parent=13"}],"curies":[{"name":"wp","href":"https:\/\/api.w.org\/{rel}","templated":true}]}}